{"id":83,"date":"2023-01-10T08:47:07","date_gmt":"2023-01-10T08:47:07","guid":{"rendered":"https:\/\/eval.livschlaefli.ch\/contact\/"},"modified":"2023-12-15T17:39:19","modified_gmt":"2023-12-15T17:39:19","slug":"gaesteinformation","status":"publish","type":"page","link":"https:\/\/www.eigerviewalpinelodge.ch\/en\/gaesteinformation\/","title":{"rendered":"Guest Information"},"content":{"rendered":"<div data-elementor-type=\"wp-page\" data-elementor-id=\"83\" class=\"elementor elementor-83\" data-elementor-post-type=\"page\">\n\t\t\t\t\t\t<section data-particle_enable=\"false\" data-particle-mobile-disabled=\"false\" class=\"elementor-section elementor-top-section elementor-element elementor-element-2fd196b8 elementor-section-height-min-height elementor-section-boxed elementor-section-height-default elementor-section-items-middle\" data-id=\"2fd196b8\" data-element_type=\"section\">\n\t\t\t\t\t\t<div class=\"elementor-container elementor-column-gap-default\">\n\t\t\t\t\t<div class=\"elementor-column elementor-col-100 elementor-top-column elementor-element elementor-element-33ab9134\" data-id=\"33ab9134\" data-element_type=\"column\">\n\t\t\t<div class=\"elementor-widget-wrap elementor-element-populated\">\n\t\t\t\t\t\t<div class=\"elementor-element elementor-element-2417f167 elementor-widget elementor-widget-heading\" data-id=\"2417f167\" data-element_type=\"widget\" data-widget_type=\"heading.default\">\n\t\t\t\t<div class=\"elementor-widget-container\">\n\t\t\t\t\t<h2 class=\"elementor-heading-title elementor-size-default\">Guest Information from A - Z\n<\/h2>\t\t\t\t<\/div>\n\t\t\t\t<\/div>\n\t\t\t\t<div class=\"elementor-element elementor-element-f268067 elementor-widget elementor-widget-text-editor\" data-id=\"f268067\" data-element_type=\"widget\" data-widget_type=\"text-editor.default\">\n\t\t\t\t<div class=\"elementor-widget-container\">\n\t\t\t\t\t\t\t\t\t<p class=\"p4\">We welcome you to the Eiger View Alpine Lodge.<\/p><p class=\"p4\">To make you feel at home with us, below you will find useful information for your stay.<\/p><p>\u00a0<\/p><p class=\"p4\"><b>Arrival and Departure<\/b><\/p><p class=\"p4\">Check-in: The room will be available from 3:00 pm on the day of arrival.<\/p><p class=\"p4\">Check-out: On the day of departure, the room will be at your disposal until 11:00 am.<\/p><p class=\"p4\">Please note that the key badge will not work after 11:00 am. If you wish to have access to the room longer, please contact our operations manager.<\/p><p>\u00a0<\/p><p class=\"p4\"><b>Baby Crib<\/b><\/p><p class=\"p4\">We are happy to provide a bed for your infant up to 3 years of age free of charge. Subject to availability.<\/p><p>\u00a0<\/p><p class=\"p4\"><b>Payment<\/b><\/p><p class=\"p4\">We offer the following payment options<\/p><ul class=\"ul1\"><li class=\"li6\">EC-\/Maestro Card<\/li><li class=\"li6\">VISA or Mastercard credit card<\/li><\/ul><p class=\"p4\">Tourism taxes, outstanding bills, parking fees and incidentals must be paid upon departure. Unfortunately, invoices cannot be issued.<\/p><p>\u00a0<\/p><p class=\"p4\"><b>Eiger View Alpine Lodge<\/b><\/p><ul class=\"ul1\"><li class=\"li4\">Newly renovated accommodations at one of the most beautiful locations in Grindelwald with a breath-taking view of the Eiger Northface<\/li><li class=\"li4\">Large Chalet located in a garden with separate old barn (Fondue-St\u00fcbli), fountain, beautiful trees and outside lounging facilities<\/li><li class=\"li4\">The center of the Eiger View Lodge contains two large shared spaces: a living room and a dining room. The fully equipped kitchen is available for rent subject to availability<\/li><li class=\"li4\">We provide free WLAN in the whole building with a private voucher\/access code<\/li><li class=\"li4\">We have two staircases and one elevator and a separate room for bicycles and ski equipment<\/li><li class=\"li4\">Room with ensuite barrier free bathroom \u2013 accessible with elevator<\/li><li class=\"li4\">Each room with fully equipped bathrooms (towels, soap, hairdryer, etc.)<\/li><\/ul><p class=\"p4\"><b>\u00a0<\/b><\/p><p class=\"p4\"><b>Food and Drinks<\/b><\/p><ul class=\"ul1\"><li class=\"li4\">There is no restaurant on site<\/li><li class=\"li9\">Breakfast available by order only (coffee\/tea, Z\u00fcpfe, croissant, bread, jam, butter,...) for CHF 20.-\/person.<\/li><li class=\"li4\">Coffee is available for purchase from the Blaser Caf\u00e9 coffee machine in the dining room<\/li><\/ul><ul class=\"ul1\"><li class=\"li9\">Catering is possible in the \"Fondue-St\u00fcbli\" in the old barn - separate offer per person (only by reservation only).<\/li><li class=\"li9\">Our fully equipped kitchen and dining room can be rented for CHF 200.-\/occasion.<\/li><li class=\"li4\">Seminar or private events are possible for max. 25 persons<\/li><\/ul><p class=\"p4\"><b>Leisure Offers<\/b><\/p><p class=\"p4\">Visit the Grindelwald website <a href=\"http:\/\/www.grindelwald.swiss\" target=\"_blank\" rel=\"noopener\"><span class=\"s4\">www.grindelwald.swiss<\/span><\/a> for numerous offers in and around Grindelwald.<\/p><p>\u00a0<\/p><p class=\"p4\"><b>Guest Card<\/b><\/p><p class=\"p4\">As part of your stay, each guest is required to pay a tourist tax. This mandatory fee provides you with a Guest Card, granting complimentary access to ski and local buses in Grindelwald.<\/p><p class=\"p4\">In addition, you will receive various discounts on attractions, excursions and other leisure activities. Guest cards are available at the reception.<\/p><p>\u00a0<\/p><p class=\"p4\"><b>In-House Opening Hours<\/b><\/p><p class=\"p4\">Wir sind an folgenden Zeiten f\u00fcr Sie da: von 07.00 Uhr bis 20.00 Uhr<\/p><p class=\"p4\">Otherwise you can reach us at <a href=\"tel:+41 33 336 30 30\">+41 33 336 30 30<\/a><\/p><p>\u00a0<\/p><p class=\"p4\"><b>Pets<\/b><\/p><p class=\"p4\">Pets are welcome, but please let us know in advance. Costs CHF 20.-\/night<\/p><p>\u00a0<\/p><p class=\"p10\"><b>Emergency Numbers<\/b><\/p><p class=\"p4\"><b>Emergency call 144, fire department 118, police 117<\/b><\/p><p>\u00a0<\/p><p class=\"p4\"><b>Parking<\/b><\/p><p class=\"p4\">You are welcome to drive to the front of the Lodge and unload your luggage there. Outdoor parking behind the house CHF 15.-\/day.<\/p><p>\u00a0<\/p><p class=\"p4\"><b>Key-Badge<\/b><\/p><p class=\"p10\">Please do not forget to leave your key-badge at the reception upon departure\/check-out. Your room key will also open the front entrance door in case it is locked during the night.<\/p><p>\u00a0<\/p><p class=\"p4\"><b>Service<\/b><\/p><p class=\"p4\">At Eiger View Alpine Lodge you will find the following at your disposal:<\/p><ul class=\"ul1\"><li class=\"li6\">Large lounge with TV<\/li><li class=\"li6\">Free WLAN<\/li><li class=\"li6\">Free luggage storage<\/li><li class=\"li6\">Bike and ski room<\/li><li class=\"li6\">Each room accessible by elevator (except our studios)<\/li><li class=\"li6\">Hairdryer<\/li><li class=\"li6\">Wool blanket<\/li><li class=\"li6\">Synthetic comforters and pillows<\/li><li class=\"li6\">Travel adapter<\/li><li class=\"li11\">Parking spaces subject to availability CHF 15.-\/night<\/li><\/ul><p class=\"p4\"><b>\u00a0<\/b><\/p><p class=\"p4\"><b>Security<\/b><\/p><p class=\"p4\">Our lodge is up to date in terms of security and is equipped with smoke detectors and fire extinguishers. In addition, the lodge has 4 exterior doors. For urgent cases dial the tel.no. <a href=\"tel:+41 33 336 30 30\">+41 33 336 30 30<\/a><\/p><p>\u00a0<\/p><p class=\"p4\"><b>Taxi<\/b><\/p><p class=\"p4\">Frutt Taxi, Grindelwald, phone +41 78 873 54 54. Taxi bookings can also be made online frutt-taxi.ch\/taxi-bestellung or by e-mail grindelwald@frutt-taxi.ch.<\/p><p>\u00a0<\/p><p class=\"p4\"><b>W-LAN Access<\/b><\/p><p class=\"p4\">Our guests have free W-LAN access in the lodge. You will receive the login data at check-in. Enter the access code, accept the terms of use and click \"Fertig\".<\/p><p>\u00a0<\/p><p class=\"p4\"><b>Rooms<\/b><\/p><p class=\"p4\">Smoking in the room \/ bathroom is prohibited. Failure to comply with this point of the house rules will lead to special cleaning costs which may be charged to the guest. It is also forbidden to light candles and other combustibles in the rooms. For hygiene and safety reasons, it is only allowed to prepare hot meals and hot drinks in the studios. This is not allowed in the room.<br \/>If your room is still occupied after check-out, a cleaning fee will be charged. Sports equipment of any kind may not be taken to the rooms but should be stored in the designated areas (ski \/ bike cellar). We have electricity connection with 220 V.<\/p><p class=\"p4\">We wish you a pleasant stay.<\/p><p class=\"p4\">Your Eiger View Team<\/p>\t\t\t\t\t\t\t\t<\/div>\n\t\t\t\t<\/div>\n\t\t\t\t\t<\/div>\n\t\t<\/div>\n\t\t\t\t\t<\/div>\n\t\t<\/section>\n\t\t\t\t<\/div>","protected":false},"excerpt":{"rendered":"<p>G\u00e4ste Informationen von A &#8211; Z Wir heissen Sie herzlich willkommen in der Eiger View Alpine Lodge. Damit Sie sich bei uns wohl f\u00fchlen, finden Sie anbei n\u00fctzliche Informationen f\u00fcr Ihren Aufenthalt: \u00a0 An- und Abreise Check-in: Das Zimmer steht Ihnen am Anreisetag ab 15.00 Uhr zur Verf\u00fcgung. Check-out bis: Am Abreisetag steht Ihnen das [&hellip;]<\/p>","protected":false},"author":1,"featured_media":0,"parent":0,"menu_order":0,"comment_status":"closed","ping_status":"closed","template":"elementor_header_footer","meta":{"footnotes":""},"class_list":["post-83","page","type-page","status-publish","hentry"],"_links":{"self":[{"href":"https:\/\/www.eigerviewalpinelodge.ch\/en\/wp-json\/wp\/v2\/pages\/83","targetHints":{"allow":["GET"]}}],"collection":[{"href":"https:\/\/www.eigerviewalpinelodge.ch\/en\/wp-json\/wp\/v2\/pages"}],"about":[{"href":"https:\/\/www.eigerviewalpinelodge.ch\/en\/wp-json\/wp\/v2\/types\/page"}],"author":[{"embeddable":true,"href":"https:\/\/www.eigerviewalpinelodge.ch\/en\/wp-json\/wp\/v2\/users\/1"}],"replies":[{"embeddable":true,"href":"https:\/\/www.eigerviewalpinelodge.ch\/en\/wp-json\/wp\/v2\/comments?post=83"}],"version-history":[{"count":18,"href":"https:\/\/www.eigerviewalpinelodge.ch\/en\/wp-json\/wp\/v2\/pages\/83\/revisions"}],"predecessor-version":[{"id":1409,"href":"https:\/\/www.eigerviewalpinelodge.ch\/en\/wp-json\/wp\/v2\/pages\/83\/revisions\/1409"}],"wp:attachment":[{"href":"https:\/\/www.eigerviewalpinelodge.ch\/en\/wp-json\/wp\/v2\/media?parent=83"}],"curies":[{"name":"wp","href":"https:\/\/api.w.org\/{rel}","templated":true}]}}